{"id":325,"date":"2021-12-06T17:01:20","date_gmt":"2021-12-06T16:01:20","guid":{"rendered":"https:\/\/stonehouse-zadar.com\/accommodations\/"},"modified":"2021-12-06T17:14:08","modified_gmt":"2021-12-06T16:14:08","slug":"smjestaj","status":"publish","type":"page","link":"https:\/\/stonehouse-zadar.com\/en\/smjestaj\/","title":{"rendered":"Smje\u0161taj"},"content":{"rendered":"<div class=\"mphb_sc_rooms-wrapper mphb-room-types\">\n<div class=\"mphb-room-type post-770 mphb_room_type type-mphb_room_type status-publish mphb-room-type-adults-8 mphb-room-type-children-0\">\n\n\t\n\t\n<h2 class=\"mphb-room-type-title entry-title\">\n\n<a class=\"mphb-room-type-title\" href=\"https:\/\/stonehouse-zadar.com\/en\/accommodation\/stone-house-razanac\/\">Stone House Ra\u017eanac<\/a>\n\n<\/h2>\n\n\n\n<h3 class=\"mphb-room-type-details-title\">Details<\/h3><ul class=\"mphb-loop-room-type-attributes\">\n\n\n\t<li class=\"mphb-room-type-adults-capacity\"><span class=\"mphb-attribute-title mphb-adults-title\">Adults:<\/span><span class=\"mphb-attribute-value\">\n\t8\n\t<\/span><\/li>\n\t\n\n\n\n\n\n\n\t<li class=\"mphb-room-type-size\"><span class=\"mphb-attribute-title mphb-size-title\">Size:<\/span><span class=\"mphb-attribute-value\">\n\t120m\u00b2\n\t<\/span><\/li>\n\t\n\n\t<li class=\"mphb-room-type-bed-type\"><span  class=\"mphb-attribute-title mphb-bed-type-title\">Bed Type:<\/span><span class=\"mphb-attribute-value\">\n\tveliki bra\u010dni krevet\n\t<\/span><\/li>\n\t\n\n<\/ul>\n\n<p class=\"mphb-view-details-button-wrapper\">\n<a class=\"button mphb-view-details-button\" href=\"https:\/\/stonehouse-zadar.com\/en\/accommodation\/stone-house-razanac\/\" >View Details<\/a>\n<\/p>\n<div class=\"mphb-to-book-btn-wrapper\">\n<form action=\"https:\/\/stonehouse-zadar.com\/en\/accommodation\/stone-house-razanac\/#booking-form-770\" method=\"get\" data-trp-original-action=\"https:\/\/stonehouse-zadar.com\/en\/accommodation\/stone-house-razanac\/#booking-form-770\" ><button type=\"submit\" class=\"button mphb-book-button\" >Book<\/button><input type=\"hidden\" name=\"trp-form-language\" value=\"en\"\/><\/form>\n<br\/><\/div>\n\t\n<\/div>\n\n<div class=\"mphb-room-type post-765 mphb_room_type type-mphb_room_type status-publish mphb-room-type-adults-4 mphb-room-type-children-0\">\n\n\t\n\t\n<h2 class=\"mphb-room-type-title entry-title\">\n\n<a class=\"mphb-room-type-title\" href=\"https:\/\/stonehouse-zadar.com\/en\/accommodation\/stone-fantasy\/\">Stone Fantasy<\/a>\n\n<\/h2>\n\n<p>Smje\u0161ten u Zadru, 600 m od Kolovare i pla\u017ee Punta Bajlo, te 1,4 km od Stare luke Fo\u0161a (stari ulaz s morske strane u Stari grad)<span class=\"excerpt-hellip\"> [\u2026]<\/span><\/p>\n\n\n<h3 class=\"mphb-room-type-details-title\">Details<\/h3><ul class=\"mphb-loop-room-type-attributes\">\n\n\n\t<li class=\"mphb-room-type-adults-capacity\"><span class=\"mphb-attribute-title mphb-adults-title\">Adults:<\/span><span class=\"mphb-attribute-value\">\n\t4\n\t<\/span><\/li>\n\t\n\n\n\n\n\t<li class=\"mphb-room-type-view\"><span class=\"mphb-attribute-title mphb-view-title\">View:<\/span><span class=\"mphb-attribute-value\">\n\tpogled na vrt\n\t<\/span><\/li>\n\t\n\n\n\t<li class=\"mphb-room-type-size\"><span class=\"mphb-attribute-title mphb-size-title\">Size:<\/span><span class=\"mphb-attribute-value\">\n\t45m\u00b2\n\t<\/span><\/li>\n\t\n\n\t<li class=\"mphb-room-type-bed-type\"><span  class=\"mphb-attribute-title mphb-bed-type-title\">Bed Type:<\/span><span class=\"mphb-attribute-value\">\n\tveliki bra\u010dni krevet\n\t<\/span><\/li>\n\t\n\n<\/ul>\n\n<p class=\"mphb-view-details-button-wrapper\">\n<a class=\"button mphb-view-details-button\" href=\"https:\/\/stonehouse-zadar.com\/en\/accommodation\/stone-fantasy\/\" >View Details<\/a>\n<\/p>\n<div class=\"mphb-to-book-btn-wrapper\">\n<form action=\"https:\/\/stonehouse-zadar.com\/en\/accommodation\/stone-fantasy\/#booking-form-765\" method=\"get\" data-trp-original-action=\"https:\/\/stonehouse-zadar.com\/en\/accommodation\/stone-fantasy\/#booking-form-765\" ><button type=\"submit\" class=\"button mphb-book-button\" >Book<\/button><input type=\"hidden\" name=\"trp-form-language\" value=\"en\"\/><\/form>\n<br\/><\/div>\n\t\n<\/div>\n\n<div class=\"mphb-room-type post-318 mphb_room_type type-mphb_room_type status-publish mphb-room-type-adults-4 mphb-room-type-children-0\">\n\n\t\n\t\n<h2 class=\"mphb-room-type-title entry-title\">\n\n<a class=\"mphb-room-type-title\" href=\"https:\/\/stonehouse-zadar.com\/en\/accommodation\/stone-diamond\/\">Stone Diamond<\/a>\n\n<\/h2>\n\n<p>Smje\u0161ten u Zadru, 600 m od Kolovare i pla\u017ee Punta Bajlo, te 1,4 km od Stare luke Fo\u0161a (stari ulaz s morske strane u Stari grad)<span class=\"excerpt-hellip\"> [\u2026]<\/span><\/p>\n\n\n<h3 class=\"mphb-room-type-details-title\">Details<\/h3><ul class=\"mphb-loop-room-type-attributes\">\n\n\n\t<li class=\"mphb-room-type-adults-capacity\"><span class=\"mphb-attribute-title mphb-adults-title\">Adults:<\/span><span class=\"mphb-attribute-value\">\n\t4\n\t<\/span><\/li>\n\t\n\n\n\n\n\t<li class=\"mphb-room-type-view\"><span class=\"mphb-attribute-title mphb-view-title\">View:<\/span><span class=\"mphb-attribute-value\">\n\tpogled na vrt\n\t<\/span><\/li>\n\t\n\n\n\t<li class=\"mphb-room-type-size\"><span class=\"mphb-attribute-title mphb-size-title\">Size:<\/span><span class=\"mphb-attribute-value\">\n\t45m\u00b2\n\t<\/span><\/li>\n\t\n\n\t<li class=\"mphb-room-type-bed-type\"><span  class=\"mphb-attribute-title mphb-bed-type-title\">Bed Type:<\/span><span class=\"mphb-attribute-value\">\n\tveliki bra\u010dni krevet\n\t<\/span><\/li>\n\t\n\n<\/ul>\n\n<p class=\"mphb-view-details-button-wrapper\">\n<a class=\"button mphb-view-details-button\" href=\"https:\/\/stonehouse-zadar.com\/en\/accommodation\/stone-diamond\/\" >View Details<\/a>\n<\/p>\n<div class=\"mphb-to-book-btn-wrapper\">\n<form action=\"https:\/\/stonehouse-zadar.com\/en\/accommodation\/stone-diamond\/#booking-form-318\" method=\"get\" data-trp-original-action=\"https:\/\/stonehouse-zadar.com\/en\/accommodation\/stone-diamond\/#booking-form-318\" ><button type=\"submit\" class=\"button mphb-book-button\" >Book<\/button><input type=\"hidden\" name=\"trp-form-language\" value=\"en\"\/><\/form>\n<br\/><\/div>\n\t\n<\/div>\n<\/div>","protected":false},"excerpt":{"rendered":"Smje\u0161ten u Zadru, 600 m od Kolovare i pla\u017ee Punta Bajlo, te 1,4 km od Stare luke Fo\u0161a (stari ulaz s morske strane u Stari grad)<span class=\"excerpt-hellip\"> [\u2026]<\/span>","protected":false},"author":1,"featured_media":0,"parent":0,"menu_order":0,"comment_status":"closed","ping_status":"closed","template":"","meta":{"footnotes":""},"class_list":["post-325","page","type-page","status-publish","hentry"],"yoast_head":"<!-- This site is optimized with the Yoast SEO plugin v23.3 - https:\/\/yoast.com\/wordpress\/plugins\/seo\/ -->\n<title>Smje\u0161taj - StoneHouse-Zadar.com<\/title>\n<meta name=\"robots\" content=\"index, follow, max-snippet:-1, max-image-preview:large, max-video-preview:-1\" \/>\n<link rel=\"canonical\" href=\"https:\/\/stonehouse-zadar.com\/en\/smjestaj\/\" \/>\n<meta property=\"og:locale\" content=\"en_US\" \/>\n<meta property=\"og:type\" content=\"article\" \/>\n<meta property=\"og:title\" content=\"Smje\u0161taj - StoneHouse-Zadar.com\" \/>\n<meta property=\"og:url\" content=\"https:\/\/stonehouse-zadar.com\/en\/smjestaj\/\" \/>\n<meta property=\"og:site_name\" content=\"StoneHouse-Zadar.com\" \/>\n<meta property=\"article:modified_time\" content=\"2021-12-06T16:14:08+00:00\" \/>\n<meta name=\"twitter:card\" content=\"summary_large_image\" \/>\n<script type=\"application\/ld+json\" class=\"yoast-schema-graph\">{\"@context\":\"https:\/\/schema.org\",\"@graph\":[{\"@type\":\"WebPage\",\"@id\":\"https:\/\/stonehouse-zadar.com\/smjestaj\/\",\"url\":\"https:\/\/stonehouse-zadar.com\/smjestaj\/\",\"name\":\"Smje\u0161taj - StoneHouse-Zadar.com\",\"isPartOf\":{\"@id\":\"https:\/\/stonehouse-zadar.com\/#website\"},\"datePublished\":\"2021-12-06T16:01:20+00:00\",\"dateModified\":\"2021-12-06T16:14:08+00:00\",\"breadcrumb\":{\"@id\":\"https:\/\/stonehouse-zadar.com\/smjestaj\/#breadcrumb\"},\"inLanguage\":\"en-US\",\"potentialAction\":[{\"@type\":\"ReadAction\",\"target\":[\"https:\/\/stonehouse-zadar.com\/smjestaj\/\"]}]},{\"@type\":\"BreadcrumbList\",\"@id\":\"https:\/\/stonehouse-zadar.com\/smjestaj\/#breadcrumb\",\"itemListElement\":[{\"@type\":\"ListItem\",\"position\":1,\"name\":\"Po\u010detna stranica\",\"item\":\"https:\/\/stonehouse-zadar.com\/\"},{\"@type\":\"ListItem\",\"position\":2,\"name\":\"Smje\u0161taj\"}]},{\"@type\":\"WebSite\",\"@id\":\"https:\/\/stonehouse-zadar.com\/#website\",\"url\":\"https:\/\/stonehouse-zadar.com\/\",\"name\":\"StoneHouse-Zadar.com\",\"description\":\"Stone House Zadar najam kamenih ku\u0107a\",\"publisher\":{\"@id\":\"https:\/\/stonehouse-zadar.com\/#organization\"},\"potentialAction\":[{\"@type\":\"SearchAction\",\"target\":{\"@type\":\"EntryPoint\",\"urlTemplate\":\"https:\/\/stonehouse-zadar.com\/?s={search_term_string}\"},\"query-input\":\"required name=search_term_string\"}],\"inLanguage\":\"en-US\"},{\"@type\":\"Organization\",\"@id\":\"https:\/\/stonehouse-zadar.com\/#organization\",\"name\":\"StoneHouse-Zadar.com\",\"url\":\"https:\/\/stonehouse-zadar.com\/\",\"logo\":{\"@type\":\"ImageObject\",\"inLanguage\":\"en-US\",\"@id\":\"https:\/\/stonehouse-zadar.com\/#\/schema\/logo\/image\/\",\"url\":\"https:\/\/stonehouse-zadar.com\/wp-content\/uploads\/2021\/10\/cropped-logo_PLAVA-slova-desno_500.png\",\"contentUrl\":\"https:\/\/stonehouse-zadar.com\/wp-content\/uploads\/2021\/10\/cropped-logo_PLAVA-slova-desno_500.png\",\"width\":500,\"height\":239,\"caption\":\"StoneHouse-Zadar.com\"},\"image\":{\"@id\":\"https:\/\/stonehouse-zadar.com\/#\/schema\/logo\/image\/\"}}]}<\/script>\n<!-- \/ Yoast SEO plugin. -->","yoast_head_json":{"title":"Smje\u0161taj - StoneHouse-Zadar.com","robots":{"index":"index","follow":"follow","max-snippet":"max-snippet:-1","max-image-preview":"max-image-preview:large","max-video-preview":"max-video-preview:-1"},"canonical":"https:\/\/stonehouse-zadar.com\/en\/smjestaj\/","og_locale":"en_US","og_type":"article","og_title":"Smje\u0161taj - StoneHouse-Zadar.com","og_url":"https:\/\/stonehouse-zadar.com\/en\/smjestaj\/","og_site_name":"StoneHouse-Zadar.com","article_modified_time":"2021-12-06T16:14:08+00:00","twitter_card":"summary_large_image","schema":{"@context":"https:\/\/schema.org","@graph":[{"@type":"WebPage","@id":"https:\/\/stonehouse-zadar.com\/smjestaj\/","url":"https:\/\/stonehouse-zadar.com\/smjestaj\/","name":"Smje\u0161taj - StoneHouse-Zadar.com","isPartOf":{"@id":"https:\/\/stonehouse-zadar.com\/#website"},"datePublished":"2021-12-06T16:01:20+00:00","dateModified":"2021-12-06T16:14:08+00:00","breadcrumb":{"@id":"https:\/\/stonehouse-zadar.com\/smjestaj\/#breadcrumb"},"inLanguage":"en-US","potentialAction":[{"@type":"ReadAction","target":["https:\/\/stonehouse-zadar.com\/smjestaj\/"]}]},{"@type":"BreadcrumbList","@id":"https:\/\/stonehouse-zadar.com\/smjestaj\/#breadcrumb","itemListElement":[{"@type":"ListItem","position":1,"name":"Po\u010detna stranica","item":"https:\/\/stonehouse-zadar.com\/"},{"@type":"ListItem","position":2,"name":"Smje\u0161taj"}]},{"@type":"WebSite","@id":"https:\/\/stonehouse-zadar.com\/#website","url":"https:\/\/stonehouse-zadar.com\/","name":"StoneHouse-Zadar.com","description":"Stone House Zadar najam kamenih ku\u0107a","publisher":{"@id":"https:\/\/stonehouse-zadar.com\/#organization"},"potentialAction":[{"@type":"SearchAction","target":{"@type":"EntryPoint","urlTemplate":"https:\/\/stonehouse-zadar.com\/?s={search_term_string}"},"query-input":"required name=search_term_string"}],"inLanguage":"en-US"},{"@type":"Organization","@id":"https:\/\/stonehouse-zadar.com\/#organization","name":"StoneHouse-Zadar.com","url":"https:\/\/stonehouse-zadar.com\/","logo":{"@type":"ImageObject","inLanguage":"en-US","@id":"https:\/\/stonehouse-zadar.com\/#\/schema\/logo\/image\/","url":"https:\/\/stonehouse-zadar.com\/wp-content\/uploads\/2021\/10\/cropped-logo_PLAVA-slova-desno_500.png","contentUrl":"https:\/\/stonehouse-zadar.com\/wp-content\/uploads\/2021\/10\/cropped-logo_PLAVA-slova-desno_500.png","width":500,"height":239,"caption":"StoneHouse-Zadar.com"},"image":{"@id":"https:\/\/stonehouse-zadar.com\/#\/schema\/logo\/image\/"}}]}},"_links":{"self":[{"href":"https:\/\/stonehouse-zadar.com\/en\/wp-json\/wp\/v2\/pages\/325","targetHints":{"allow":["GET"]}}],"collection":[{"href":"https:\/\/stonehouse-zadar.com\/en\/wp-json\/wp\/v2\/pages"}],"about":[{"href":"https:\/\/stonehouse-zadar.com\/en\/wp-json\/wp\/v2\/types\/page"}],"author":[{"embeddable":true,"href":"https:\/\/stonehouse-zadar.com\/en\/wp-json\/wp\/v2\/users\/1"}],"replies":[{"embeddable":true,"href":"https:\/\/stonehouse-zadar.com\/en\/wp-json\/wp\/v2\/comments?post=325"}],"version-history":[{"count":1,"href":"https:\/\/stonehouse-zadar.com\/en\/wp-json\/wp\/v2\/pages\/325\/revisions"}],"predecessor-version":[{"id":340,"href":"https:\/\/stonehouse-zadar.com\/en\/wp-json\/wp\/v2\/pages\/325\/revisions\/340"}],"wp:attachment":[{"href":"https:\/\/stonehouse-zadar.com\/en\/wp-json\/wp\/v2\/media?parent=325"}],"curies":[{"name":"wp","href":"https:\/\/api.w.org\/{rel}","templated":true}]}}