{"id":801,"date":"2022-02-23T16:41:28","date_gmt":"2022-02-23T15:41:28","guid":{"rendered":"https:\/\/stonehouse-zadar.com\/?page_id=801"},"modified":"2023-09-16T10:55:03","modified_gmt":"2023-09-16T09:55:03","slug":"politika-privatnosti","status":"publish","type":"page","link":"https:\/\/stonehouse-zadar.com\/de\/politika-privatnosti\/","title":{"rendered":"Politika privatnosti"},"content":{"rendered":"<div data-elementor-type=\"wp-page\" data-elementor-id=\"801\" class=\"elementor elementor-801\">\n\t\t\t\t\t\t<section class=\"elementor-section elementor-top-section elementor-element elementor-element-f87b29d elementor-section-boxed elementor-section-height-default elementor-section-height-default\" data-id=\"f87b29d\" data-element_type=\"section\">\n\t\t\t\t\t\t<div class=\"elementor-container elementor-column-gap-default\">\n\t\t\t\t\t<div class=\"elementor-column elementor-col-100 elementor-top-column elementor-element elementor-element-effd9d4\" data-id=\"effd9d4\" data-element_type=\"column\">\n\t\t\t<div class=\"elementor-widget-wrap elementor-element-populated\">\n\t\t\t\t\t\t<div class=\"elementor-element elementor-element-060a824 elementor-widget elementor-widget-text-editor\" data-id=\"060a824\" data-element_type=\"widget\" data-widget_type=\"text-editor.default\">\n\t\t\t\t<div class=\"elementor-widget-container\">\n\t\t\t<style>\/*! elementor - v3.23.0 - 05-08-2024 *\/\n.elementor-widget-text-editor.elementor-drop-cap-view-stacked .elementor-drop-cap{background-color:#69727d;color:#fff}.elementor-widget-text-editor.elementor-drop-cap-view-framed .elementor-drop-cap{color:#69727d;border:3px solid;background-color:transparent}.elementor-widget-text-editor:not(.elementor-drop-cap-view-default) .elementor-drop-cap{margin-top:8px}.elementor-widget-text-editor:not(.elementor-drop-cap-view-default) .elementor-drop-cap-letter{width:1em;height:1em}.elementor-widget-text-editor .elementor-drop-cap{float:left;text-align:center;line-height:1;font-size:50px}.elementor-widget-text-editor .elementor-drop-cap-letter{display:inline-block}<\/style>\t\t\t\t<p><!-- wp:heading --><\/p><h2>POLITIKA PRIVATNOSTI<\/h2><p><!-- \/wp:heading --><\/p><p>\u00a0<\/p><p><!-- wp:heading --><\/p><h2>Tko smo mi<\/h2><p><!-- \/wp:heading --><!-- wp:paragraph --><\/p><p><strong class=\"privacy-policy-tutorial\">Predlo\u017eeni tekst: <\/strong>Adresa na\u0161e web-stranice je: <a href=\"https:\/\/stonehouse-zadar.com\/de\/\">https:\/\/stonehouse-zadar.com\/<\/a>.<\/p><p><!-- \/wp:paragraph --><!-- wp:heading --><\/p><h2>Komentari<\/h2><p><!-- \/wp:heading --><!-- wp:paragraph --><\/p><p><strong class=\"privacy-policy-tutorial\">Predlo\u017eeni tekst: <\/strong>Kada posjetitelji napi\u0161u komentar na web-stranici mi prikupljamo podatke prikazane u formi komentara, i tako\u0111er IP adresu posjetitelja kao i string korisni\u010dkog agenta preglednika kako lak\u0161e detektirali spam.<\/p><p><!-- \/wp:paragraph --><!-- wp:paragraph --><\/p><p>Mogu\u0107e je da je anonimiziran string kreiran iz va\u0161e adrese e-po\u0161te (koji se tako\u0111er zove hash) dostavljen Gravatar servisu kako bismo provjerili koristite li ga. Pravila privatnosti Gravatar servisa dostupna su ovdje: https:\/\/automattic.com\/privacy\/. Nakon odobrenja va\u0161eg komentara, va\u0161a profilna slika je javno vidljiva u kontekstu va\u0161eg komentara.<\/p><p><!-- \/wp:paragraph --><!-- wp:heading --><\/p><h2>Medij<\/h2><p><!-- \/wp:heading --><!-- wp:paragraph --><\/p><p><strong class=\"privacy-policy-tutorial\">Predlo\u017eeni tekst: <\/strong>Ako prenesete sliku na web-stranicu, trebali biste izbjegavati prijenos slika koje imaju ugra\u0111ene podatke o lokaciji (EXIF GPS). Posjetitelji web-stranice mogu ih preuzeti i izdvojiti bilo koje podatke o lokaciji iz slika s web-stranice.<\/p><p><!-- \/wp:paragraph --><!-- wp:heading --><\/p><h2>Kola\u010di\u0107i<\/h2><p><!-- \/wp:heading --><!-- wp:paragraph --><\/p><p><strong class=\"privacy-policy-tutorial\">Predlo\u017eeni tekst: <\/strong>Ako napi\u0161ete komentar na na\u0161oj web-stranici, mo\u017eete odabrati spremanje imena, adrese e-po\u0161te i web-stranice u kola\u010di\u0107e. To vam olak\u0161ava ponovno komentiranje, da ne morate ponovno unositi te informacije. Ovi kola\u010di\u0107i traju godinu dana.<\/p><p><!-- \/wp:paragraph --><!-- wp:paragraph --><\/p><p>Ako posjetite na\u0161u stranicu za prijavu, postavit \u0107emo privremeni kola\u010di\u0107 kako bismo utvrdili prihva\u0107a li va\u0161 preglednik kola\u010di\u0107e. Ovaj kola\u010di\u0107 ne sadr\u017ei osobne podatke i bri\u0161e se kada ugasite preglednik.<\/p><p><!-- \/wp:paragraph --><!-- wp:paragraph --><\/p><p>Kada se prijavite, postavit \u0107emo nekoliko kola\u010di\u0107a kako bismo sa\u010duvali va\u0161e podatke o prijavi i va\u0161e postavke zaslona. Kola\u010di\u0107i prijave traju dva dana, a kola\u010di\u0107i postavki zaslona traju godinu dana. Ako odaberete &#8220;Zapamti me&#8221;, va\u0161a prijava \u0107e trajati dva tjedna. Ako se odjavite s ra\u010duna, kola\u010di\u0107i prijave bit \u0107e uklonjeni.<\/p><p><!-- \/wp:paragraph --><!-- wp:paragraph --><\/p><p>Ako uredite ili objavite \u010dlanak, dodatni kola\u010di\u0107 \u0107e biti spremljen u va\u0161em pregledniku. Ovaj kola\u010di\u0107 ne sadr\u017ei osobne podatke i samo ukazuje na ID objave \u010dlanka koji ste upravo uredili. Kola\u010di\u0107 istje\u010de nakon jednog dana.<\/p><p><!-- \/wp:paragraph --><!-- wp:heading --><\/p><h2>Ugra\u0111eni sadr\u017eaj s drugih web-stranica<\/h2><p><!-- \/wp:heading --><!-- wp:paragraph --><\/p><p><strong class=\"privacy-policy-tutorial\">Predlo\u017eeni tekst: <\/strong>\u010clanci na ovoj web-stranici mogu sadr\u017eavati ugra\u0111eni sadr\u017eaj (npr. video, slike, \u010dlanke, itd.). Ugra\u0111eni sadr\u017eaj sa drugih web-stranica pona\u0161a se istovjetno kao da je posjetitelj posjetio tu drugu web-stranicu.<\/p><p><!-- \/wp:paragraph --><!-- wp:paragraph --><\/p><p>Ove web-stranice mo\u017eda prikupljaju podatke o vama, koriste kola\u010di\u0107e, imaju ugra\u0111eno dodatno pra\u0107enje od tre\u0107ih strana, i nadgledaju va\u0161u interakciju s tim ugra\u0111enim sadr\u017eajem, uklju\u010duju\u0107i pra\u0107enje va\u0161e interakcije s ugra\u0111enim sadr\u017eajem ako imate ra\u010dun i prijavljeni ste na web-stranici.<\/p><p><!-- \/wp:paragraph --><!-- wp:heading --><\/p><h2>S kime dijelimo va\u0161e podatke<\/h2><p><!-- \/wp:heading --><!-- wp:paragraph --><\/p><p><strong class=\"privacy-policy-tutorial\">Predlo\u017eeni tekst: <\/strong>Ako zatra\u017eite ponovno postavljanje lozinke, va\u0161a IP adresa bit \u0107e uklju\u010dena u poruku e-po\u0161te za ponovno postavljanje.<\/p><p><!-- \/wp:paragraph --><!-- wp:heading --><\/p><h2>Koliko dugo \u010duvamo va\u0161e podatke<\/h2><p><!-- \/wp:heading --><!-- wp:paragraph --><\/p><p><strong class=\"privacy-policy-tutorial\">Predlo\u017eeni tekst: <\/strong>Ako napi\u0161ete komentar, komentar i njegovi meta podaci su sa\u010duvani zauvijek. To je zato da mo\u017eemo automatski prepoznati i odobriti budu\u0107e komentare, umjesto da ih dr\u017eimo na \u010dekanju za odobrenje.<\/p><p><!-- \/wp:paragraph --><!-- wp:paragraph --><\/p><p>Za korisnike koji se registriraju na na\u0161oj web-stranici (ako ih ima), mi tako\u0111er pohranjujemo osobne podatke koje navedu u njihovim korisni\u010dkim profilima, Svi korisnici mogu vidjeti, urediti, ili obrisati svoje osobne podatke u bilo koje vrijeme ( osim \u0161to ne mogu promijeniti svoje korisni\u010dko ime). Administratori web-stranice tako\u0111er mogu vidjeti i urediti te informacije.<\/p><p><!-- \/wp:paragraph --><!-- wp:heading --><\/p><h2>Koja prava imate nad svojim podacima<\/h2><p><!-- \/wp:heading --><!-- wp:paragraph --><\/p><p><strong class=\"privacy-policy-tutorial\">Predlo\u017eeni tekst: <\/strong>Ako imate ra\u010dun na ovoj web-stranici, ili ste pisali komentare, mo\u017eete zatra\u017eiti primanje izvozne datoteke osobnih podataka koje imamo o vama, uklju\u010duju\u0107i sve podatke koje ste nam dostavili. Tako\u0111er mo\u017eete zatra\u017eiti brisanje svih osobnih podataka koje imamo o vama. Ovo ne uklju\u010duje bilo koje podatke koje smo obavezni dr\u017eati za administrativne, pravne ili sigurnosne namjene.<\/p><p><!-- \/wp:paragraph --><!-- wp:heading --><\/p><h2>Kamo se \u0161alju va\u0161i podaci<\/h2><p><!-- \/wp:heading --><!-- wp:paragraph --><\/p><p><strong class=\"privacy-policy-tutorial\">Predlo\u017eeni tekst: <\/strong>Komentari posjetitelja mogu se provjeriti putem automatske usluge za otkrivanje ne\u017eeljene po\u0161te.<\/p><p><!-- \/wp:paragraph --><\/p>\t\t\t\t\t\t<\/div>\n\t\t\t\t<\/div>\n\t\t\t\t\t<\/div>\n\t\t<\/div>\n\t\t\t\t\t<\/div>\n\t\t<\/section>\n\t\t\t\t<\/div>","protected":false},"excerpt":{"rendered":"<p>POLITIKA PRIVATNOSTI \u00a0 Tko smo mi Predlo\u017eeni tekst: Adresa na\u0161e web-stranice je: https:\/\/stonehouse-zadar.com\/. Komentari Predlo\u017eeni tekst: Kada posjetitelji napi\u0161u komentar na web-stranici mi prikupljamo podatke prikazane<span class=\"excerpt-hellip\"> [\u2026]<\/span><\/p>","protected":false},"author":1,"featured_media":0,"parent":0,"menu_order":0,"comment_status":"closed","ping_status":"closed","template":"","meta":{"footnotes":""},"class_list":["post-801","page","type-page","status-publish","hentry"],"yoast_head":"<!-- This site is optimized with the Yoast SEO plugin v23.3 - https:\/\/yoast.com\/wordpress\/plugins\/seo\/ -->\n<title>Politika privatnosti - StoneHouse-Zadar.com<\/title>\n<meta name=\"robots\" content=\"index, follow, max-snippet:-1, max-image-preview:large, max-video-preview:-1\" \/>\n<link rel=\"canonical\" href=\"https:\/\/stonehouse-zadar.com\/de\/politika-privatnosti\/\" \/>\n<meta property=\"og:locale\" content=\"de_DE\" \/>\n<meta property=\"og:type\" content=\"article\" \/>\n<meta property=\"og:title\" content=\"Politika privatnosti - StoneHouse-Zadar.com\" \/>\n<meta property=\"og:description\" content=\"POLITIKA PRIVATNOSTI \u00a0 Tko smo mi Predlo\u017eeni tekst: Adresa na\u0161e web-stranice je: https:\/\/stonehouse-zadar.com\/. Komentari Predlo\u017eeni tekst: Kada posjetitelji napi\u0161u komentar na web-stranici mi prikupljamo podatke prikazane [\u2026]\" \/>\n<meta property=\"og:url\" content=\"https:\/\/stonehouse-zadar.com\/de\/politika-privatnosti\/\" \/>\n<meta property=\"og:site_name\" content=\"StoneHouse-Zadar.com\" \/>\n<meta property=\"article:modified_time\" content=\"2023-09-16T09:55:03+00:00\" \/>\n<meta name=\"twitter:card\" content=\"summary_large_image\" \/>\n<meta name=\"twitter:label1\" content=\"Gesch\u00e4tzte Lesezeit\" \/>\n\t<meta name=\"twitter:data1\" content=\"3\u00a0Minuten\" \/>\n<script type=\"application\/ld+json\" class=\"yoast-schema-graph\">{\"@context\":\"https:\/\/schema.org\",\"@graph\":[{\"@type\":\"WebPage\",\"@id\":\"https:\/\/stonehouse-zadar.com\/politika-privatnosti\/\",\"url\":\"https:\/\/stonehouse-zadar.com\/politika-privatnosti\/\",\"name\":\"Politika privatnosti - StoneHouse-Zadar.com\",\"isPartOf\":{\"@id\":\"https:\/\/stonehouse-zadar.com\/#website\"},\"datePublished\":\"2022-02-23T15:41:28+00:00\",\"dateModified\":\"2023-09-16T09:55:03+00:00\",\"breadcrumb\":{\"@id\":\"https:\/\/stonehouse-zadar.com\/politika-privatnosti\/#breadcrumb\"},\"inLanguage\":\"de\",\"potentialAction\":[{\"@type\":\"ReadAction\",\"target\":[\"https:\/\/stonehouse-zadar.com\/politika-privatnosti\/\"]}]},{\"@type\":\"BreadcrumbList\",\"@id\":\"https:\/\/stonehouse-zadar.com\/politika-privatnosti\/#breadcrumb\",\"itemListElement\":[{\"@type\":\"ListItem\",\"position\":1,\"name\":\"Po\u010detna stranica\",\"item\":\"https:\/\/stonehouse-zadar.com\/\"},{\"@type\":\"ListItem\",\"position\":2,\"name\":\"Politika privatnosti\"}]},{\"@type\":\"WebSite\",\"@id\":\"https:\/\/stonehouse-zadar.com\/#website\",\"url\":\"https:\/\/stonehouse-zadar.com\/\",\"name\":\"StoneHouse-Zadar.com\",\"description\":\"Stone House Zadar najam kamenih ku\u0107a\",\"publisher\":{\"@id\":\"https:\/\/stonehouse-zadar.com\/#organization\"},\"potentialAction\":[{\"@type\":\"SearchAction\",\"target\":{\"@type\":\"EntryPoint\",\"urlTemplate\":\"https:\/\/stonehouse-zadar.com\/?s={search_term_string}\"},\"query-input\":\"required name=search_term_string\"}],\"inLanguage\":\"de\"},{\"@type\":\"Organization\",\"@id\":\"https:\/\/stonehouse-zadar.com\/#organization\",\"name\":\"StoneHouse-Zadar.com\",\"url\":\"https:\/\/stonehouse-zadar.com\/\",\"logo\":{\"@type\":\"ImageObject\",\"inLanguage\":\"de\",\"@id\":\"https:\/\/stonehouse-zadar.com\/#\/schema\/logo\/image\/\",\"url\":\"https:\/\/stonehouse-zadar.com\/wp-content\/uploads\/2021\/10\/cropped-logo_PLAVA-slova-desno_500.png\",\"contentUrl\":\"https:\/\/stonehouse-zadar.com\/wp-content\/uploads\/2021\/10\/cropped-logo_PLAVA-slova-desno_500.png\",\"width\":500,\"height\":239,\"caption\":\"StoneHouse-Zadar.com\"},\"image\":{\"@id\":\"https:\/\/stonehouse-zadar.com\/#\/schema\/logo\/image\/\"}}]}<\/script>\n<!-- \/ Yoast SEO plugin. -->","yoast_head_json":{"title":"Politika privatnosti - StoneHouse-Zadar.com","robots":{"index":"index","follow":"follow","max-snippet":"max-snippet:-1","max-image-preview":"max-image-preview:large","max-video-preview":"max-video-preview:-1"},"canonical":"https:\/\/stonehouse-zadar.com\/de\/politika-privatnosti\/","og_locale":"de_DE","og_type":"article","og_title":"Politika privatnosti - StoneHouse-Zadar.com","og_description":"POLITIKA PRIVATNOSTI \u00a0 Tko smo mi Predlo\u017eeni tekst: Adresa na\u0161e web-stranice je: https:\/\/stonehouse-zadar.com\/. Komentari Predlo\u017eeni tekst: Kada posjetitelji napi\u0161u komentar na web-stranici mi prikupljamo podatke prikazane [\u2026]","og_url":"https:\/\/stonehouse-zadar.com\/de\/politika-privatnosti\/","og_site_name":"StoneHouse-Zadar.com","article_modified_time":"2023-09-16T09:55:03+00:00","twitter_card":"summary_large_image","twitter_misc":{"Gesch\u00e4tzte Lesezeit":"3\u00a0Minuten"},"schema":{"@context":"https:\/\/schema.org","@graph":[{"@type":"WebPage","@id":"https:\/\/stonehouse-zadar.com\/politika-privatnosti\/","url":"https:\/\/stonehouse-zadar.com\/politika-privatnosti\/","name":"Politika privatnosti - StoneHouse-Zadar.com","isPartOf":{"@id":"https:\/\/stonehouse-zadar.com\/#website"},"datePublished":"2022-02-23T15:41:28+00:00","dateModified":"2023-09-16T09:55:03+00:00","breadcrumb":{"@id":"https:\/\/stonehouse-zadar.com\/politika-privatnosti\/#breadcrumb"},"inLanguage":"de","potentialAction":[{"@type":"ReadAction","target":["https:\/\/stonehouse-zadar.com\/politika-privatnosti\/"]}]},{"@type":"BreadcrumbList","@id":"https:\/\/stonehouse-zadar.com\/politika-privatnosti\/#breadcrumb","itemListElement":[{"@type":"ListItem","position":1,"name":"Po\u010detna stranica","item":"https:\/\/stonehouse-zadar.com\/"},{"@type":"ListItem","position":2,"name":"Politika privatnosti"}]},{"@type":"WebSite","@id":"https:\/\/stonehouse-zadar.com\/#website","url":"https:\/\/stonehouse-zadar.com\/","name":"StoneHouse-Zadar.com","description":"Stone House Zadar najam kamenih ku\u0107a","publisher":{"@id":"https:\/\/stonehouse-zadar.com\/#organization"},"potentialAction":[{"@type":"SearchAction","target":{"@type":"EntryPoint","urlTemplate":"https:\/\/stonehouse-zadar.com\/?s={search_term_string}"},"query-input":"required name=search_term_string"}],"inLanguage":"de"},{"@type":"Organization","@id":"https:\/\/stonehouse-zadar.com\/#organization","name":"StoneHouse-Zadar.com","url":"https:\/\/stonehouse-zadar.com\/","logo":{"@type":"ImageObject","inLanguage":"de","@id":"https:\/\/stonehouse-zadar.com\/#\/schema\/logo\/image\/","url":"https:\/\/stonehouse-zadar.com\/wp-content\/uploads\/2021\/10\/cropped-logo_PLAVA-slova-desno_500.png","contentUrl":"https:\/\/stonehouse-zadar.com\/wp-content\/uploads\/2021\/10\/cropped-logo_PLAVA-slova-desno_500.png","width":500,"height":239,"caption":"StoneHouse-Zadar.com"},"image":{"@id":"https:\/\/stonehouse-zadar.com\/#\/schema\/logo\/image\/"}}]}},"_links":{"self":[{"href":"https:\/\/stonehouse-zadar.com\/de\/wp-json\/wp\/v2\/pages\/801","targetHints":{"allow":["GET"]}}],"collection":[{"href":"https:\/\/stonehouse-zadar.com\/de\/wp-json\/wp\/v2\/pages"}],"about":[{"href":"https:\/\/stonehouse-zadar.com\/de\/wp-json\/wp\/v2\/types\/page"}],"author":[{"embeddable":true,"href":"https:\/\/stonehouse-zadar.com\/de\/wp-json\/wp\/v2\/users\/1"}],"replies":[{"embeddable":true,"href":"https:\/\/stonehouse-zadar.com\/de\/wp-json\/wp\/v2\/comments?post=801"}],"version-history":[{"count":4,"href":"https:\/\/stonehouse-zadar.com\/de\/wp-json\/wp\/v2\/pages\/801\/revisions"}],"predecessor-version":[{"id":975,"href":"https:\/\/stonehouse-zadar.com\/de\/wp-json\/wp\/v2\/pages\/801\/revisions\/975"}],"wp:attachment":[{"href":"https:\/\/stonehouse-zadar.com\/de\/wp-json\/wp\/v2\/media?parent=801"}],"curies":[{"name":"wp","href":"https:\/\/api.w.org\/{rel}","templated":true}]}}